{"id":121,"date":"2011-01-19T13:02:28","date_gmt":"2011-01-19T13:02:28","guid":{"rendered":"http:\/\/www.sinapharm.com"},"modified":"2011-07-12T11:12:41","modified_gmt":"2011-07-12T11:12:41","slug":"start","status":"publish","type":"page","link":"http:\/\/www.sinapharm.com\/?page_id=121","title":{"rendered":"Home"},"content":{"rendered":"<h2>&#8216;The Health Experts&#8217;<\/h2>\n<p style=\"text-align: justify;\"><img loading=\"lazy\" class=\"alignright size-full wp-image-13\" style=\"margin-left: 20px; margin-top: 0px; margin-bottom: 20px;\" title=\"\" src=\"http:\/\/www.sinapharm.com\/wp-content\/uploads\/2011\/01\/stock1.gif\" alt=\"\" width=\"120\" height=\"120\" \/>SinaPharm besteht aus einem Team international qualifizierter Experten f\u00fcr Gesundheitsfragen aller Art. Unser Name steht f\u00fcr Kompetenz, Qualit\u00e4t, Vertrauensw\u00fcrdigkeit und st\u00e4ndige Weiterentwicklung. Mit ihm b\u00fcrgen wir f\u00fcr vollste Verantwortung f\u00fcr unsere Aktivit\u00e4ten und Produkte, sowohl im Bereich der Pharmazie als auch im Bereich der Nahrungserg\u00e4nzungsmittel.<\/p>\n<p style=\"text-align: justify;\">Nur unserem Einsatz und unserem Know-How verdanken wir es, in k\u00fcrzester Zeit das Vertrauen unserer internationalen Kunden gewonnen zu haben. Dieser Erfolg ist es, der uns anspornt und uns best\u00e4tigt, dass wir auf dem richtigen Wege sind, gro\u00dfes zu vollbringen.<\/p>\n<p style=\"text-align: justify;\">Das Vertrauen unserer Partner verpflichtet uns dazu, dass SinaPharm stets Technologie auf h\u00f6chstem Niveau bedeutet. Wir sichern einwandfreie Qualit\u00e4t beginnend bei der Geburt einer Idee, bis hin zu Entwicklung und Marketing, und b\u00fcrgen somit f\u00fcr pharmazeutisches Gut auf h\u00f6chstem Niveau, denn es ist unser Anliegen, stets das Beste f\u00fcr die optimale Zufriedenheit unserer Partner und Kunden zu geben.<\/p>\n<p style=\"text-align: justify;\">In den kommenden Jahren wird SinaPharm noch weitere innovative Produkte am \u00f6sterreichisch-europ\u00e4ischen Markt einf\u00fchren.<\/p>\n","protected":false},"excerpt":{"rendered":"<p>&#8216;The Health Experts&#8217; SinaPharm besteht aus einem Team international qualifizierter Experten f\u00fcr Gesundheitsfragen aller Art. Unser Name steht f\u00fcr Kompetenz, Qualit\u00e4t, Vertrauensw\u00fcrdigkeit und st\u00e4ndige Weiterentwicklung. Mit ihm b\u00fcrgen wir f\u00fcr vollste Verantwortung f\u00fcr unsere Aktivit\u00e4ten und Produkte, sowohl im Bereich der Pharmazie als auch im Bereich der Nahrungserg\u00e4nzungsmittel. Nur unserem Einsatz und unserem Know-How verdanken [&hellip;]<\/p>\n","protected":false},"author":4,"featured_media":0,"parent":0,"menu_order":0,"comment_status":"closed","ping_status":"closed","template":"","meta":[],"_links":{"self":[{"href":"http:\/\/www.sinapharm.com\/index.php?rest_route=\/wp\/v2\/pages\/121"}],"collection":[{"href":"http:\/\/www.sinapharm.com\/index.php?rest_route=\/wp\/v2\/pages"}],"about":[{"href":"http:\/\/www.sinapharm.com\/index.php?rest_route=\/wp\/v2\/types\/page"}],"author":[{"embeddable":true,"href":"http:\/\/www.sinapharm.com\/index.php?rest_route=\/wp\/v2\/users\/4"}],"replies":[{"embeddable":true,"href":"http:\/\/www.sinapharm.com\/index.php?rest_route=%2Fwp%2Fv2%2Fcomments&post=121"}],"version-history":[{"count":9,"href":"http:\/\/www.sinapharm.com\/index.php?rest_route=\/wp\/v2\/pages\/121\/revisions"}],"predecessor-version":[{"id":446,"href":"http:\/\/www.sinapharm.com\/index.php?rest_route=\/wp\/v2\/pages\/121\/revisions\/446"}],"wp:attachment":[{"href":"http:\/\/www.sinapharm.com\/index.php?rest_route=%2Fwp%2Fv2%2Fmedia&parent=121"}],"curies":[{"name":"wp","href":"https:\/\/api.w.org\/{rel}","templated":true}]}}