{"id":124,"date":"2011-01-19T13:08:25","date_gmt":"2011-01-19T13:08:25","guid":{"rendered":"http:\/\/www.sinapharm.com"},"modified":"2012-09-10T18:38:35","modified_gmt":"2012-09-10T18:38:35","slug":"uber","status":"publish","type":"page","link":"http:\/\/www.sinapharm.com\/?page_id=124","title":{"rendered":"\u00dcber uns"},"content":{"rendered":"<h2>\u00dcber uns<\/h2>\n<p style=\"text-align: justify;\"><img loading=\"lazy\" class=\"alignright size-full wp-image-13\" style=\"margin-left: 20px; margin-top: 0px; margin-bottom: 20px;\" src=\"http:\/\/www.sinapharm.com\/wp-content\/uploads\/2011\/01\/stock2.jpg\" alt=\"\" width=\"120\" height=\"120\" \/>SinaPharm wurde im Februar 2005 von Dr. Hossein Gharib, Erbe einer alteingesessenen, persischen, industriellen Familie, und seit \u00fcber 30 Jahren als Kosmopolit zwischen Europa und dem Nahen Osten pendelnd, in Wien gegr\u00fcndet und bereichert seitdem den \u00f6sterreichischen Pharmamarkt.<\/p>\n<p style=\"text-align: justify;\">F\u00fcr den Kenner der internationalen Pharmaindustrie, der w\u00e4hrend seiner nahezu 15-j\u00e4hrigen Karriere F\u00fchrungspositionen in weltweit Marktf\u00fchrenden Konzernen bekleidete und dar\u00fcber hinaus als Gesch\u00e4ftsf\u00fchrer zweier international agierender Pharmaunternehmen mit Sitz im Nahen Osten t\u00e4tig war, stellte die Gr\u00fcndung von SinaPharm somit die logische Schlussfolgerung einer jahrelangen Tradition im Dienste der Gesundheit dar, mit dem Ziel der st\u00e4ndigen Weiterentwicklung und Optimierung verbesserungsw\u00fcrdiger Gesundheitssysteme.<\/p>\n<p style=\"text-align: justify;\"><img loading=\"lazy\" class=\"alignright size-full wp-image-13\" style=\"margin-left: 20px; margin-top: 0px; margin-bottom: 20px;\" src=\"http:\/\/www.sinapharm.com\/wp-content\/uploads\/2011\/01\/stock8.jpg\" alt=\"\" width=\"120\" height=\"120\" \/>SinaPharm ist ein international t\u00e4tiges Unternehmen, in dessen Mittelpunkt stets der Mensch selbst steht, so liegt die zentrale Fokussierung jederzeit auf unsere Kunden, ob Patient, Arzt, Apotheker oder Gesch\u00e4ftspartner.<\/p>\n<p style=\"text-align: justify;\">Dar\u00fcber hinaus ist SinaPharm ma\u00dfgeblich an der Organisation und Durchf\u00fchrung zahlreicher,  internationaler Wirtschaftsmissionen und Kongresse beteiligt. Die Unterst\u00fctzung namhafter, internationaler Experten zeigt auch hier ein weiteres Mal, dass unsere Philosophie das Herz der Menschheit ber\u00fchrt.<\/p>\n<p><span style=\"color: #8a0217;\">Warum &#8216;<strong>Sina<\/strong>Pharm&#8217;?<\/span><\/p>\n<p style=\"text-align: justify;\"><img loading=\"lazy\" class=\"alignright size-full wp-image-13\" style=\"margin-left: 20px; margin-top: 0px; margin-bottom: 20px;\" src=\"http:\/\/www.sinapharm.com\/wp-content\/uploads\/2011\/01\/stock3.jpg\" alt=\"\" width=\"120\" height=\"120\" \/>SinaPharm leitet sich ab von Abu Ali al-Husain ibn Sina-e Balkhi (latinisiert Avicenna, Ibn Sina; * 980; \u2020 1037), dem wohl bekanntesten persischen Arzt, Physiker, Philosoph und Wissenschaftler.<\/p>\n<p style=\"text-align: justify;\">Nachdem die Wurzeln unseres Unternehmensgr\u00fcnders und seiner Familie, der seit Generationen die namhaftesten Mediziner des Landes entstammen, untrennbar mit der Geschichte der traditionellen persischen und gesamtasiatischen Medizin verbunden sind, lag es nahe, den bedeutendsten aller asiatischen \u00c4rzte als Namenspatron f\u00fcr unser Unternehmen zu w\u00e4hlen.<\/p>\n<p style=\"text-align: justify;\">Avicenna war ein brillanter Heilkundiger und Denker mit herausragenden Leistungen auf den Gebieten der Medizin und der Philosophie. Sein um 1030 entstandenes Hauptwerk Al-qanum fi at-tibb (&#8220;Kanon der Medizin&#8221;) l\u00f6ste die Klostermedizin des christlich-lateinischen Abendlandes durch wissenschaftliche Verfahren ab und z\u00e4hlte im Mittleren Osten wie in Europa lange zu den bedeutendsten medizinischen Lehrb\u00fcchern. Es wurde zur Grundlage der wissenschaftlichen Heilkunst und stand gleichrangig neben den Schriften des Hippokrates (um 460 &#8211; um 370 v. Chr.) und des Galen (129-199) an allen bedeutenden europ\u00e4ischen Universit\u00e4ten.<\/p>\n<p style=\"text-align: justify;\">Basierend auf diesem jahrtausende altem Wissen haucht SinaPharm der traditionellen orientalischen Medizin, kombiniert mit heutigem Wissen auf h\u00f6chstem wissenschaftlichem Niveau, neues Leben ein. Eines unserer Hauptanliegen ist es, nat\u00fcrliche, auf pflanzlicher Basis beruhende Substanzen, die im asiatischen Raum schon seit jeher in jedes Heilungsverfahren eingebunden werden und l\u00e4ngst fixer Bestandteil sind, unseren europ\u00e4ischen Partnern nahe zu bringen. Belegt durch unz\u00e4hlige wissenschaftliche Untersuchungen und klinische Studien, sehen wir auch in Europa nun die Zeit gekommen, von diesem Wissen zu profitieren und der klassischen europ\u00e4ischen Schulmedizin eine wirkungsvolle und doch sanfte Alternative und gleichzeitig St\u00fctze zu bieten.<\/p>\n<p style=\"text-align: justify;\">Dies zu verwirklichen und dieses unendlich kostbare Wissen weiterzugeben, ist unser Hauptanliegen.<\/p>\n","protected":false},"excerpt":{"rendered":"<p>\u00dcber uns SinaPharm wurde im Februar 2005 von Dr. Hossein Gharib, Erbe einer alteingesessenen, persischen, industriellen Familie, und seit \u00fcber 30 Jahren als Kosmopolit zwischen Europa und dem Nahen Osten pendelnd, in Wien gegr\u00fcndet und bereichert seitdem den \u00f6sterreichischen Pharmamarkt. F\u00fcr den Kenner der internationalen Pharmaindustrie, der w\u00e4hrend seiner nahezu 15-j\u00e4hrigen Karriere F\u00fchrungspositionen in weltweit [&hellip;]<\/p>\n","protected":false},"author":4,"featured_media":0,"parent":0,"menu_order":0,"comment_status":"closed","ping_status":"closed","template":"","meta":[],"_links":{"self":[{"href":"http:\/\/www.sinapharm.com\/index.php?rest_route=\/wp\/v2\/pages\/124"}],"collection":[{"href":"http:\/\/www.sinapharm.com\/index.php?rest_route=\/wp\/v2\/pages"}],"about":[{"href":"http:\/\/www.sinapharm.com\/index.php?rest_route=\/wp\/v2\/types\/page"}],"author":[{"embeddable":true,"href":"http:\/\/www.sinapharm.com\/index.php?rest_route=\/wp\/v2\/users\/4"}],"replies":[{"embeddable":true,"href":"http:\/\/www.sinapharm.com\/index.php?rest_route=%2Fwp%2Fv2%2Fcomments&post=124"}],"version-history":[{"count":18,"href":"http:\/\/www.sinapharm.com\/index.php?rest_route=\/wp\/v2\/pages\/124\/revisions"}],"predecessor-version":[{"id":256,"href":"http:\/\/www.sinapharm.com\/index.php?rest_route=\/wp\/v2\/pages\/124\/revisions\/256"}],"wp:attachment":[{"href":"http:\/\/www.sinapharm.com\/index.php?rest_route=%2Fwp%2Fv2%2Fmedia&parent=124"}],"curies":[{"name":"wp","href":"https:\/\/api.w.org\/{rel}","templated":true}]}}