{"id":127,"date":"2011-01-19T13:18:46","date_gmt":"2011-01-19T13:18:46","guid":{"rendered":"http:\/\/www.sinapharm.com"},"modified":"2011-07-15T07:28:21","modified_gmt":"2011-07-15T07:28:21","slug":"produkte","status":"publish","type":"page","link":"http:\/\/www.sinapharm.com\/?page_id=127","title":{"rendered":"Produkte"},"content":{"rendered":"<h2>Unsere Produkte<\/h2>\n<p style=\"text-align: justify;\"><img class=\"alignright size-full wp-image-13\" style=\"margin-left: 20px; margin-top: 0px; margin-bottom: 20px;\" src=\"http:\/\/www.sinapharm.com\/wp-content\/uploads\/2011\/02\/stock13.jpg\" alt=\"\" width=\"120\" \/>Im Dienste der Gesundheit vereint SinaPharm modernste abendl\u00e4ndische Technologie mit der traditionellen pflanzlichen Medizin des Nahen Ostens und des asiatischen Raumes und l\u00e4sst das Erbe Avicennas in neuem Glanz wieder aufleben.<\/p>\n<p style=\"text-align: justify;\">SinaPharm kooperiert eng mit den namhaftesten und innovativsten pharmazeutischen Unternehmen auf der ganzen Welt. St\u00e4ndige Forschungsarbeit sichert qualitativ einwandfreie Produkte auf  h\u00f6chstem Niveau. Regelm\u00e4\u00dfige Qualit\u00e4tskontrolle entsprechend der internationalen GMP sind f\u00fcr uns ebenso selbstverst\u00e4ndlich wie die kontinuierliche Weiterbildung unserer Mitarbeiter und der regelm\u00e4\u00dfige Kontakt zu f\u00fchrenden pharmazeutischen Forschungsteams in der ganzen Welt. Nur so ist es uns m\u00f6glich, unser Niveau zu halten und unseren Kunden mit gutem Gewissen hochwertige und kontrollierte Produkte anbieten zu k\u00f6nnen.<\/p>\n<p style=\"text-align: justify;\">All diese moderne Technologie, verbunden mit dem Jahrhunderte altem Wissen der orientalischen Medizin, die sich seit jeher der Kraft rein pflanzlicher Heilmittel bedient, stellt den Schl\u00fcssel zum Erfolgsrezept von SinaPharm dar und spiegelt sich auch in unseren Produkten klar wieder.<\/p>\n","protected":false},"excerpt":{"rendered":"<p>Unsere Produkte Im Dienste der Gesundheit vereint SinaPharm modernste abendl\u00e4ndische Technologie mit der traditionellen pflanzlichen Medizin des Nahen Ostens und des asiatischen Raumes und l\u00e4sst das Erbe Avicennas in neuem Glanz wieder aufleben. SinaPharm kooperiert eng mit den namhaftesten und innovativsten pharmazeutischen Unternehmen auf der ganzen Welt. St\u00e4ndige Forschungsarbeit sichert qualitativ einwandfreie Produkte auf h\u00f6chstem [&hellip;]<\/p>\n","protected":false},"author":4,"featured_media":0,"parent":0,"menu_order":1,"comment_status":"open","ping_status":"closed","template":"","meta":[],"_links":{"self":[{"href":"http:\/\/www.sinapharm.com\/index.php?rest_route=\/wp\/v2\/pages\/127"}],"collection":[{"href":"http:\/\/www.sinapharm.com\/index.php?rest_route=\/wp\/v2\/pages"}],"about":[{"href":"http:\/\/www.sinapharm.com\/index.php?rest_route=\/wp\/v2\/types\/page"}],"author":[{"embeddable":true,"href":"http:\/\/www.sinapharm.com\/index.php?rest_route=\/wp\/v2\/users\/4"}],"replies":[{"embeddable":true,"href":"http:\/\/www.sinapharm.com\/index.php?rest_route=%2Fwp%2Fv2%2Fcomments&post=127"}],"version-history":[{"count":6,"href":"http:\/\/www.sinapharm.com\/index.php?rest_route=\/wp\/v2\/pages\/127\/revisions"}],"predecessor-version":[{"id":454,"href":"http:\/\/www.sinapharm.com\/index.php?rest_route=\/wp\/v2\/pages\/127\/revisions\/454"}],"wp:attachment":[{"href":"http:\/\/www.sinapharm.com\/index.php?rest_route=%2Fwp%2Fv2%2Fmedia&parent=127"}],"curies":[{"name":"wp","href":"https:\/\/api.w.org\/{rel}","templated":true}]}}