{"id":129,"date":"2011-01-19T13:24:58","date_gmt":"2011-01-19T13:24:58","guid":{"rendered":"http:\/\/www.sinapharm.com"},"modified":"2011-05-18T09:33:13","modified_gmt":"2011-05-18T09:33:13","slug":"osteocalvit","status":"publish","type":"page","link":"http:\/\/www.sinapharm.com\/?page_id=129","title":{"rendered":"OsteoCalVit\u00ae"},"content":{"rendered":"<h2>OsteoCalVit\u00ae, OsteoCalVitFort\u00ae<\/h2>\n<p style=\"text-align: justify;\"><img class=\"alignright size-full wp-image-13\" style=\"margin-left: 20px; margin-top: 0px; margin-bottom: 20px;\" src=\"http:\/\/www.sinapharm.com\/wp-content\/uploads\/2011\/01\/pic-3.jpg\" alt=\"\" width=\"120\" \/>Unmittelbar nach Firmengr\u00fcndung wurde in \u00d6sterreich die erste Calcium\/Vitamin D3 Schlucktablette zur Pr\u00e4vention und Behandlung von Osteoporose, OsteoCalVit\u00ae, von SinaPharm angekauft.<\/p>\n<p style=\"text-align: justify;\">Osteoporose ist eine schleichende Krankheit, die uns alle, ob m\u00e4nnlich oder weiblich, treffen kann. Laut WHO ist Osteoporose eine der h\u00e4ufigsten Erkrankungen des Bewegungsapparates unserer Zeit.<\/p>\n<p style=\"text-align: justify;\">Diese Einf\u00fchrung von OsteoCalVit\u00ae stellte eine revolution\u00e4re Neuerung aller bisher verf\u00fcgbaren Produkte im Kampf gegen die Osteoporose dar. Durch die einfache und patientenfreundliche Art der Anwendung sowie die ausgezeichnete Vertr\u00e4glichkeit sichert OsteoCalVit\u00ae den t\u00e4glichen Bedarf an Calcium und Vitamin D3 in idealer Zusammensetzung und stellt somit eine viel versprechende Erweiterung dieser speziellen Form der Therapie dar.<\/p>\n<p style=\"text-align: justify;\">OsteoCalVit\u00ae und OsteCalVitFort\u00ae sind als 500mg Schlucktabletten und jeweils in 30 bzw. 60 St\u00fcck, und 60 St\u00fcck Packungen erh\u00e4ltlich. Beide enthalten 500mg Kalzium, w\u00e4hrend OsteoCalVit\u00ae 5\u00b5g und OsteoCalVitFort\u00ae 10.25 \u00b5g Vitamin D3 enth\u00e4lt!<\/p>\n<p style=\"text-align: justify;\">Besuchen Sie OsteoCalVit\u00ae&#8217;s eigene Website:<br \/>\n<a href=\"http:\/\/www.osteocalvit.com\" target=\"blank\"><img src=\"http:\/\/www.sinapharm.com\/wp-content\/uploads\/2011\/03\/link.jpg\"><\/a><br \/>bzw. scrollen Sie weiter, um einiges \u00fcber die OsteoCalVit\u00ae Werbekampagne zu erfahren:<\/p>\n<table style=\"height: 100%;\" border=\"0\" cellspacing=\"0\" cellpadding=\"5\" width=\"100%\" align=\"left\">\n<tbody>\n<tr>\n<td align=\"center\" valign=\"top\"><a href=\"http:\/\/www.sinapharm.com\/wp-content\/uploads\/2011\/02\/leaflet_top.pdf\" target=\"_blank\">OsteoCalVit\u00ae Faltblatt Au\u00dfen<br \/>\n<img src=\"http:\/\/www.sinapharm.com\/wp-content\/uploads\/2011\/02\/t_leaflet_top.jpg\" alt=\"\" \/><\/a><\/td>\n<td align=\"center\" valign=\"top\"><a href=\"http:\/\/www.sinapharm.com\/wp-content\/uploads\/2011\/02\/leaflet_ins.pdf\" target=\"_blank\">OsteoCalVit\u00ae Faltblatt Innen<br \/>\n<img src=\"http:\/\/www.sinapharm.com\/wp-content\/uploads\/2011\/02\/t_leaflet_ins.jpg\" alt=\"\" \/><\/a><\/td>\n<td align=\"center\" valign=\"top\"><a href=\"http:\/\/www.sinapharm.com\/?page_id=396\">SinaPharm Lippenbalsam<br \/>\n<img src=\"http:\/\/www.sinapharm.com\/wp-content\/uploads\/2011\/02\/st_splb.gif\" alt=\"\" width=\"140\" \/><\/a><br \/>\nEin \u00e4u\u00dferst positiv empfangener Promo-Item der OsteoCalVit\u00ae Werbekampagne.<\/td>\n<\/tr>\n<\/tbody>\n<\/table>\n","protected":false},"excerpt":{"rendered":"<p>OsteoCalVit\u00ae, OsteoCalVitFort\u00ae Unmittelbar nach Firmengr\u00fcndung wurde in \u00d6sterreich die erste Calcium\/Vitamin D3 Schlucktablette zur Pr\u00e4vention und Behandlung von Osteoporose, OsteoCalVit\u00ae, von SinaPharm angekauft. Osteoporose ist eine schleichende Krankheit, die uns alle, ob m\u00e4nnlich oder weiblich, treffen kann. Laut WHO ist Osteoporose eine der h\u00e4ufigsten Erkrankungen des Bewegungsapparates unserer Zeit. Diese Einf\u00fchrung von OsteoCalVit\u00ae stellte eine [&hellip;]<\/p>\n","protected":false},"author":4,"featured_media":0,"parent":127,"menu_order":0,"comment_status":"closed","ping_status":"closed","template":"","meta":[],"_links":{"self":[{"href":"http:\/\/www.sinapharm.com\/index.php?rest_route=\/wp\/v2\/pages\/129"}],"collection":[{"href":"http:\/\/www.sinapharm.com\/index.php?rest_route=\/wp\/v2\/pages"}],"about":[{"href":"http:\/\/www.sinapharm.com\/index.php?rest_route=\/wp\/v2\/types\/page"}],"author":[{"embeddable":true,"href":"http:\/\/www.sinapharm.com\/index.php?rest_route=\/wp\/v2\/users\/4"}],"replies":[{"embeddable":true,"href":"http:\/\/www.sinapharm.com\/index.php?rest_route=%2Fwp%2Fv2%2Fcomments&post=129"}],"version-history":[{"count":13,"href":"http:\/\/www.sinapharm.com\/index.php?rest_route=\/wp\/v2\/pages\/129\/revisions"}],"predecessor-version":[{"id":442,"href":"http:\/\/www.sinapharm.com\/index.php?rest_route=\/wp\/v2\/pages\/129\/revisions\/442"}],"up":[{"embeddable":true,"href":"http:\/\/www.sinapharm.com\/index.php?rest_route=\/wp\/v2\/pages\/127"}],"wp:attachment":[{"href":"http:\/\/www.sinapharm.com\/index.php?rest_route=%2Fwp%2Fv2%2Fmedia&parent=129"}],"curies":[{"name":"wp","href":"https:\/\/api.w.org\/{rel}","templated":true}]}}