{"id":153,"date":"2011-01-20T08:47:36","date_gmt":"2011-01-20T08:47:36","guid":{"rendered":"http:\/\/www.sinapharm.com"},"modified":"2011-07-12T11:15:12","modified_gmt":"2011-07-12T11:15:12","slug":"kontakt","status":"publish","type":"page","link":"http:\/\/www.sinapharm.com\/?page_id=153","title":{"rendered":"Kontakt"},"content":{"rendered":"<h2>Kontakt mit SinaPharm<\/h2>\n<p style=\"text-align: justify;\">Der st\u00e4ndige Kontakt zu unseren Kunden und Partnern liegt uns sehr am Herzen. Egal ob Arzt, Apotheker, Patient oder Gesch\u00e4ftspartner, wir nehmen Ihr Anliegen ernst und sind bem\u00fcht, in allen Fragen Ihr optimaler Ansprechpartner zu sein und gemeinsam mit Ihnen konstruktive und zukunftsweisende Ideen zu erarbeiten.<\/p>\n<p style=\"text-align: justify;\"><i>Fragen? Vorschl\u00e4ge? F\u00fcllen Sie einfach untenstehendes Formular aus, und wir melden uns bei Ihnen!<\/i><\/p>\n<p>&nbsp;<\/p>\n<div role=\"form\" class=\"wpcf7\" id=\"wpcf7-f544-o1\" dir=\"ltr\">\n<div class=\"screen-reader-response\"><p role=\"status\" aria-live=\"polite\" aria-atomic=\"true\"><\/p> <ul><\/ul><\/div>\n<form action=\"\/index.php?rest_route=%2Fwp%2Fv2%2Fpages%2F153#wpcf7-f544-o1\" method=\"post\" class=\"wpcf7-form init\" enctype=\"multipart\/form-data\" novalidate=\"novalidate\" data-status=\"init\">\n<div style=\"display: none;\">\n<input type=\"hidden\" name=\"_wpcf7\" value=\"544\" \/>\n<input type=\"hidden\" name=\"_wpcf7_version\" value=\"5.3.2\" \/>\n<input type=\"hidden\" name=\"_wpcf7_locale\" value=\"\" \/>\n<input type=\"hidden\" name=\"_wpcf7_unit_tag\" value=\"wpcf7-f544-o1\" \/>\n<input type=\"hidden\" name=\"_wpcf7_container_post\" value=\"0\" \/>\n<input type=\"hidden\" name=\"_wpcf7_posted_data_hash\" value=\"\" \/>\n<\/div>\n<p>Anrede <font color=\"#ff0000\">*<\/font>   Titel<br \/>\n<span class=\"wpcf7-form-control-wrap title\"><select name=\"title\" class=\"wpcf7-form-control wpcf7-select wpcf7-validates-as-required\" aria-required=\"true\" aria-invalid=\"false\"><option value=\"\">---<\/option><option value=\"Frau\">Frau<\/option><option value=\"Herr\">Herr<\/option><\/select><\/span>   <span class=\"wpcf7-form-control-wrap acad\"><input type=\"text\" name=\"acad\" value=\"\" size=\"10\" class=\"wpcf7-form-control wpcf7-text\" aria-invalid=\"false\" \/><\/span>\n     <\/p>\n<p>Vorname <font color=\"#ff0000\">*<\/font><br \/>\n    <span class=\"wpcf7-form-control-wrap name\"><input type=\"text\" name=\"name\" value=\"\" size=\"40\" class=\"wpcf7-form-control wpcf7-text wpcf7-validates-as-required\" aria-required=\"true\" aria-invalid=\"false\" \/><\/span> <\/p>\n<p>Nachname <font color=\"#ff0000\">*<\/font><br \/>\n    <span class=\"wpcf7-form-control-wrap surname\"><input type=\"text\" name=\"surname\" value=\"\" size=\"40\" class=\"wpcf7-form-control wpcf7-text wpcf7-validates-as-required\" aria-required=\"true\" aria-invalid=\"false\" \/><\/span> <\/p>\n<p>E-Mail <font color=\"#ff0000\">*<\/font><br \/>\n    <span class=\"wpcf7-form-control-wrap email\"><input type=\"email\" name=\"email\" value=\"\" size=\"40\" class=\"wpcf7-form-control wpcf7-text wpcf7-email wpcf7-validates-as-required wpcf7-validates-as-email\" aria-required=\"true\" aria-invalid=\"false\" \/><\/span> <\/p>\n<p>Aus welchem Land? <font color=\"#ff0000\">*<\/font><br \/>\n    <span class=\"wpcf7-form-control-wrap country\"><input type=\"text\" name=\"country\" value=\"\" size=\"40\" class=\"wpcf7-form-control wpcf7-text wpcf7-validates-as-required\" aria-required=\"true\" aria-invalid=\"false\" \/><\/span> <\/p>\n<p>Betreff <font color=\"#ff0000\">*<\/font><br \/>\n    <span class=\"wpcf7-form-control-wrap subject\"><input type=\"text\" name=\"subject\" value=\"\" size=\"40\" class=\"wpcf7-form-control wpcf7-text wpcf7-validates-as-required\" aria-required=\"true\" aria-invalid=\"false\" \/><\/span> <\/p>\n<p>Ihre Nachricht <font color=\"#ff0000\">*<\/font><br \/>\n    <span class=\"wpcf7-form-control-wrap message\"><textarea name=\"message\" cols=\"40\" rows=\"10\" class=\"wpcf7-form-control wpcf7-textarea wpcf7-validates-as-required\" aria-required=\"true\" aria-invalid=\"false\"><\/textarea><\/span> <\/p>\n<p>Bitte geben Sie den folgenden Code in das darunterliegende Feld ein <font color=\"#ff0000\">*<\/font><br \/>\n    <input type=\"hidden\" name=\"_wpcf7_captcha_challenge_captcha-524\" value=\"711947490\" \/><img class=\"wpcf7-form-control wpcf7-captchac wpcf7-captcha-captcha-524\" width=\"72\" height=\"24\" alt=\"captcha\" src=\"http:\/\/www.sinapharm.com\/wp-content\/uploads\/wpcf7_captcha\/711947490.png\" \/><br \/>\n    <span class=\"wpcf7-form-control-wrap captcha-524\"><input type=\"text\" name=\"captcha-524\" value=\"\" size=\"40\" class=\"wpcf7-form-control wpcf7-captchar\" autocomplete=\"off\" aria-invalid=\"false\" \/><\/span> <\/p>\n<p>Datei Upload<br> <font size=\"2\"color=\"#ff0000\"><i>(Erlaubt sind pdf & jpg Dateien, die Gr\u00f6\u00dfe soll 1MiB nicht \u00fcberschreiten!)<\/i><\/font><br \/>\n    <span class=\"wpcf7-form-control-wrap upload\"><input type=\"file\" name=\"upload\" size=\"40\" class=\"wpcf7-form-control wpcf7-file\" accept=\".pdf,.jpg\" aria-invalid=\"false\" \/><\/span> <\/p>\n<p><input type=\"submit\" value=\"Senden\" class=\"wpcf7-form-control wpcf7-submit\" \/><\/p>\n<div class=\"wpcf7-response-output\" aria-hidden=\"true\"><\/div><\/form><\/div>\n","protected":false},"excerpt":{"rendered":"<p>Kontakt mit SinaPharm Der st\u00e4ndige Kontakt zu unseren Kunden und Partnern liegt uns sehr am Herzen. Egal ob Arzt, Apotheker, Patient oder Gesch\u00e4ftspartner, wir nehmen Ihr Anliegen ernst und sind bem\u00fcht, in allen Fragen Ihr optimaler Ansprechpartner zu sein und gemeinsam mit Ihnen konstruktive und zukunftsweisende Ideen zu erarbeiten. Fragen? Vorschl\u00e4ge? F\u00fcllen Sie einfach untenstehendes [&hellip;]<\/p>\n","protected":false},"author":4,"featured_media":0,"parent":0,"menu_order":4,"comment_status":"closed","ping_status":"closed","template":"","meta":[],"_links":{"self":[{"href":"http:\/\/www.sinapharm.com\/index.php?rest_route=\/wp\/v2\/pages\/153"}],"collection":[{"href":"http:\/\/www.sinapharm.com\/index.php?rest_route=\/wp\/v2\/pages"}],"about":[{"href":"http:\/\/www.sinapharm.com\/index.php?rest_route=\/wp\/v2\/types\/page"}],"author":[{"embeddable":true,"href":"http:\/\/www.sinapharm.com\/index.php?rest_route=\/wp\/v2\/users\/4"}],"replies":[{"embeddable":true,"href":"http:\/\/www.sinapharm.com\/index.php?rest_route=%2Fwp%2Fv2%2Fcomments&post=153"}],"version-history":[{"count":5,"href":"http:\/\/www.sinapharm.com\/index.php?rest_route=\/wp\/v2\/pages\/153\/revisions"}],"predecessor-version":[{"id":451,"href":"http:\/\/www.sinapharm.com\/index.php?rest_route=\/wp\/v2\/pages\/153\/revisions\/451"}],"wp:attachment":[{"href":"http:\/\/www.sinapharm.com\/index.php?rest_route=%2Fwp%2Fv2%2Fmedia&parent=153"}],"curies":[{"name":"wp","href":"https:\/\/api.w.org\/{rel}","templated":true}]}}