{"id":198,"date":"2011-01-21T11:33:54","date_gmt":"2011-01-21T11:33:54","guid":{"rendered":"http:\/\/www.sinapharm.com"},"modified":"2011-03-17T11:39:36","modified_gmt":"2011-03-17T11:39:36","slug":"impressum","status":"publish","type":"page","link":"http:\/\/www.sinapharm.com\/?page_id=198","title":{"rendered":"Impressum"},"content":{"rendered":"<h2>Impressum<\/h2>\n<p><strong>SinaPharm GmbH.<\/strong><br \/>\nDresdner Strasse 62-64\/2\/12<br \/>\n1200 Wien<\/p>\n<p>Tel.: +43 1 408 610 600<br \/>\nFax: +43 1 408 610 620<br \/>\nE-Mail: <a href=\"mailto:office@sinapharm.com\">office@sinapharm.com<\/a><\/p>\n<p>Firmenbuch Nr.: 259218d<br \/>\nHandelsgericht Wien<\/p>\n<p>UID: ATU61494546<br \/>\nEori:  ATEOS 1000009045<br \/>\nOENACE: 46461<\/p>\n<p><strong>Gewerbe:<\/strong><br \/>\nEntwicklung, Herstellung &#038; Handel mit Arzneimittel und Giften<\/p>\n<p><strong>Disclaimer<\/strong><br \/>\nTrotz sorgf\u00e4ltiger inhaltlicher Kontrolle \u00fcbernehmen wir keine Haftung f\u00fcr die Inhalte externer Links. F\u00fcr den Inhalt verlinkter Seiten sind ausschlie\u00dflich deren Betreiber verantwortlich.<\/p>\n<table width=\"100%\" height=\"100%\" cellpadding=\"0\" cellspacing=\"0\" border=\"0\" align=\"left\">\n<tr>\n<td align=\"left\" valign=\"middle\"><a href='http:\/\/firmen.wko.at\/Web\/Ergebnis.aspx?StandortID=0&#038;Suchbegriff=sinapharm' target='_blank'><img src='http:\/\/www.sinapharm.com\/wp-content\/uploads\/2011\/01\/wko.jpg' height=\"20px\"><\/a><\/td>\n<td align=\"left\" valign=\"middle\"><a href=\"http:\/\/www.firma.at\/www.sinapharm.com_Wien-20-Bezirk-Brigittenau-SinaPharm-Pharmahandel-GmbH-SinaPharm-Ges-m-b-H-Pharma-Pharmahandel-Kosmetika-OTC-NERM-LAL-_c5590db9fa35be46d8aa593f135c4fd7\" title=\"Firmen suchen und finden\" target=\"_blank\"><img loading=\"lazy\" src=\"http:\/\/www.firma.at\/images\/firma_60.gif\" alt=\"Firmen suchen und finden\" width=\"60\" height=\"33\" border=\"0\"><\/a><\/td>\n<\/tr>\n<\/table>\n","protected":false},"excerpt":{"rendered":"<p>Impressum SinaPharm GmbH. Dresdner Strasse 62-64\/2\/12 1200 Wien Tel.: +43 1 408 610 600 Fax: +43 1 408 610 620 E-Mail: office@sinapharm.com Firmenbuch Nr.: 259218d Handelsgericht Wien UID: ATU61494546 Eori: ATEOS 1000009045 OENACE: 46461 Gewerbe: Entwicklung, Herstellung &#038; Handel mit Arzneimittel und Giften Disclaimer Trotz sorgf\u00e4ltiger inhaltlicher Kontrolle \u00fcbernehmen wir keine Haftung f\u00fcr die Inhalte [&hellip;]<\/p>\n","protected":false},"author":4,"featured_media":0,"parent":0,"menu_order":0,"comment_status":"open","ping_status":"open","template":"","meta":[],"_links":{"self":[{"href":"http:\/\/www.sinapharm.com\/index.php?rest_route=\/wp\/v2\/pages\/198"}],"collection":[{"href":"http:\/\/www.sinapharm.com\/index.php?rest_route=\/wp\/v2\/pages"}],"about":[{"href":"http:\/\/www.sinapharm.com\/index.php?rest_route=\/wp\/v2\/types\/page"}],"author":[{"embeddable":true,"href":"http:\/\/www.sinapharm.com\/index.php?rest_route=\/wp\/v2\/users\/4"}],"replies":[{"embeddable":true,"href":"http:\/\/www.sinapharm.com\/index.php?rest_route=%2Fwp%2Fv2%2Fcomments&post=198"}],"version-history":[{"count":6,"href":"http:\/\/www.sinapharm.com\/index.php?rest_route=\/wp\/v2\/pages\/198\/revisions"}],"predecessor-version":[{"id":354,"href":"http:\/\/www.sinapharm.com\/index.php?rest_route=\/wp\/v2\/pages\/198\/revisions\/354"}],"wp:attachment":[{"href":"http:\/\/www.sinapharm.com\/index.php?rest_route=%2Fwp%2Fv2%2Fmedia&parent=198"}],"curies":[{"name":"wp","href":"https:\/\/api.w.org\/{rel}","templated":true}]}}