{"id":215,"date":"2011-01-21T12:28:00","date_gmt":"2011-01-21T12:28:00","guid":{"rendered":"http:\/\/www.sinapharm.com"},"modified":"2011-05-18T10:19:42","modified_gmt":"2011-05-18T10:19:42","slug":"viva%c2%ae-skin","status":"publish","type":"page","link":"http:\/\/www.sinapharm.com\/?page_id=215","title":{"rendered":"VIVA\u00ae SKIN"},"content":{"rendered":"<h2>VIVA\u00ae SKIN<\/h2>\n<p style=\"text-align: justify;\"><img class=\"alignright size-full wp-image-13\" style=\"margin-left: 20px; margin-top: 0px; margin-bottom: 20px;\" src=\"http:\/\/www.sinapharm.com\/wp-content\/uploads\/2011\/01\/st_viva.jpg\" alt=\"\" \/>Unser \u00e4u\u00dferes Aussehen beeinflusst auch unser Innenleben. Jedermann weiss, dass der Alterungsprozess nicht aufgehalten werden kann, aber viele f\u00fchlen sich bedeutend wohler wenn sie j\u00fcnger aussehen. VIVA\u00ae SKIN Produkte k\u00f6nnen dazu wesentlich beitragen.<\/p>\n<p style=\"text-align: justify;\">Die VIVA\u00ae SKIN Pflegeserie wurde in Zusammenarbeit mit f\u00fchrenden Dermatologen entwickelt und unter Anwendung strengster wissenschaftlicher Ma\u00dfst\u00e4be erprobt. Mit dem Ziel, eine Produktlinie anbieten zu k\u00f6nnen, die h\u00f6chste Hautvertr\u00e4glichkeit garantiert. Im Gegensatz zu vielen anderen Produkten im Handel enth\u00e4lt VIVA\u00ae SKIN keine Wollfette oder Parabene, was Anwender, die auf diese Stoffe allergisch sind, sch\u00e4tzen werden.<\/p>\n<p style=\"text-align: justify;\">VIVA\u00ae SKIN eignet sich \u00fcberzeugender Weise zur Pflege sensibler bzw. anspruchsvoller Haut. Die verschiedenen Zubereitungsarten von VIVA\u00ae SKIN Creme, VIVA\u00ae SKIN Sable und VIVA\u00ae SKIN Fettsalbe ber\u00fccksichtigen die individuellen Eigenschaften der Haut und passen sich dem jeweiligen Hauttyp (normale, trockene, fettige Haut) an. Erg\u00e4nzt durch die Gesichtslotion, die Reinigungs- und K\u00f6rpermilch von VIVA\u00ae SKIN legen wie die komplette Serie nach langj\u00e4hrigen wissenschaftlichen Anstrengungen nun in Ihre H\u00e4nde, damit die richtige Hautpflege f\u00fcr Sie einfach wird.<\/p>\n<p style=\"text-align: justify;\">Besuchen Sie VIVA\u00ae SKIN&#8217;s eigene Homepage:<br \/>\n<a href=\"http:\/\/www.vivaskin.at\" target=\"blank\"><img src=\"http:\/\/www.sinapharm.com\/wp-content\/uploads\/2011\/03\/vslink.jpg\"><\/a><\/p>\n","protected":false},"excerpt":{"rendered":"<p>VIVA\u00ae SKIN Unser \u00e4u\u00dferes Aussehen beeinflusst auch unser Innenleben. Jedermann weiss, dass der Alterungsprozess nicht aufgehalten werden kann, aber viele f\u00fchlen sich bedeutend wohler wenn sie j\u00fcnger aussehen. VIVA\u00ae SKIN Produkte k\u00f6nnen dazu wesentlich beitragen. Die VIVA\u00ae SKIN Pflegeserie wurde in Zusammenarbeit mit f\u00fchrenden Dermatologen entwickelt und unter Anwendung strengster wissenschaftlicher Ma\u00dfst\u00e4be erprobt. Mit dem [&hellip;]<\/p>\n","protected":false},"author":4,"featured_media":0,"parent":127,"menu_order":1,"comment_status":"closed","ping_status":"closed","template":"","meta":[],"_links":{"self":[{"href":"http:\/\/www.sinapharm.com\/index.php?rest_route=\/wp\/v2\/pages\/215"}],"collection":[{"href":"http:\/\/www.sinapharm.com\/index.php?rest_route=\/wp\/v2\/pages"}],"about":[{"href":"http:\/\/www.sinapharm.com\/index.php?rest_route=\/wp\/v2\/types\/page"}],"author":[{"embeddable":true,"href":"http:\/\/www.sinapharm.com\/index.php?rest_route=\/wp\/v2\/users\/4"}],"replies":[{"embeddable":true,"href":"http:\/\/www.sinapharm.com\/index.php?rest_route=%2Fwp%2Fv2%2Fcomments&post=215"}],"version-history":[{"count":8,"href":"http:\/\/www.sinapharm.com\/index.php?rest_route=\/wp\/v2\/pages\/215\/revisions"}],"predecessor-version":[{"id":273,"href":"http:\/\/www.sinapharm.com\/index.php?rest_route=\/wp\/v2\/pages\/215\/revisions\/273"}],"up":[{"embeddable":true,"href":"http:\/\/www.sinapharm.com\/index.php?rest_route=\/wp\/v2\/pages\/127"}],"wp:attachment":[{"href":"http:\/\/www.sinapharm.com\/index.php?rest_route=%2Fwp%2Fv2%2Fmedia&parent=215"}],"curies":[{"name":"wp","href":"https:\/\/api.w.org\/{rel}","templated":true}]}}