{"id":301,"date":"2011-02-01T15:15:47","date_gmt":"2011-02-01T15:15:47","guid":{"rendered":"http:\/\/www.sinapharm.com\/?page_id=301"},"modified":"2011-07-12T11:14:11","modified_gmt":"2011-07-12T11:14:11","slug":"partner","status":"publish","type":"page","link":"http:\/\/www.sinapharm.com\/?page_id=301","title":{"rendered":"Vertrieb"},"content":{"rendered":"<h2>Unsere Vertriebspartner<\/h2>\n<p style=\"text-align: left;\"><img loading=\"lazy\" class=\"alignright size-full wp-image-13\" style=\"margin-left: 20px; margin-top: 0px; margin-bottom: 20px;\" title=\"\" src=\"http:\/\/www.sinapharm.com\/wp-content\/uploads\/2011\/02\/stock15.jpg\" alt=\"\" width=\"120\" height=\"120\" \/>Nehmen Sie Kontakt mit unseren Au\u00dfendienst-mitarbeitern f\u00fcr Osteoporose Produkte (<em><strong>\u00d6sterreichweit<\/strong><\/em>) auf:<\/p>\n<table border=\"0\" cellpadding=\"4\">\n<tbody>\n<tr>\n<td>Wolfgang K\u00f6nig<br \/>\nVerkaufsleiter<br \/>\n<a href=\"mailto:wkoenig@sinapharm.com\">wkoenig@sinapharm.com<\/a><\/td>\n<\/tr>\n<tr>\n<td>Bernhard Goller<br \/>\nApothekenau\u00dfendienst<br \/>\n<a href=\"mailto:bgoller@sinapharm.com\">bgoller@sinapharm.com<\/a><\/td>\n<\/tr>\n<tr>\n<td>Mario Bartelt<br \/>\nApothekenau\u00dfendienst<br \/>\n<a href=\"mailto:mbartelt@sinapharm.com\">mbartelt@sinapharm.com<\/a><\/td>\n<\/tr>\n<tr>\n<td>Bac. phil. Jana Stanzig<br \/>\nMarketing Assistenting<br \/>\n<a href=\"mailto:jstanzig@sinapharm.com\">jstanzig@sinapharm.com<\/a><\/td>\n<\/tr>\n<\/tbody>\n<\/table>\n<p>Bei Fragen zu <em><strong>internationalem<\/strong><\/em> Vertrieb, wenden Sie sich bitte per <a href=\"mailto:office@sinapharm.com\">E-Mail<\/a> oder <a href=\"http:\/\/www.sinapharm.com\/?page_id=153&amp;lang=de\">Kontaktformular<\/a> an unsere Zentrale.<\/p>\n","protected":false},"excerpt":{"rendered":"<p>Unsere Vertriebspartner Nehmen Sie Kontakt mit unseren Au\u00dfendienst-mitarbeitern f\u00fcr Osteoporose Produkte (\u00d6sterreichweit) auf: Wolfgang K\u00f6nig Verkaufsleiter wkoenig@sinapharm.com Bernhard Goller Apothekenau\u00dfendienst bgoller@sinapharm.com Mario Bartelt Apothekenau\u00dfendienst mbartelt@sinapharm.com Bac. phil. Jana Stanzig Marketing Assistenting jstanzig@sinapharm.com Bei Fragen zu internationalem Vertrieb, wenden Sie sich bitte per E-Mail oder Kontaktformular an unsere Zentrale.<\/p>\n","protected":false},"author":4,"featured_media":0,"parent":0,"menu_order":2,"comment_status":"open","ping_status":"open","template":"","meta":[],"_links":{"self":[{"href":"http:\/\/www.sinapharm.com\/index.php?rest_route=\/wp\/v2\/pages\/301"}],"collection":[{"href":"http:\/\/www.sinapharm.com\/index.php?rest_route=\/wp\/v2\/pages"}],"about":[{"href":"http:\/\/www.sinapharm.com\/index.php?rest_route=\/wp\/v2\/types\/page"}],"author":[{"embeddable":true,"href":"http:\/\/www.sinapharm.com\/index.php?rest_route=\/wp\/v2\/users\/4"}],"replies":[{"embeddable":true,"href":"http:\/\/www.sinapharm.com\/index.php?rest_route=%2Fwp%2Fv2%2Fcomments&post=301"}],"version-history":[{"count":15,"href":"http:\/\/www.sinapharm.com\/index.php?rest_route=\/wp\/v2\/pages\/301\/revisions"}],"predecessor-version":[{"id":449,"href":"http:\/\/www.sinapharm.com\/index.php?rest_route=\/wp\/v2\/pages\/301\/revisions\/449"}],"wp:attachment":[{"href":"http:\/\/www.sinapharm.com\/index.php?rest_route=%2Fwp%2Fv2%2Fmedia&parent=301"}],"curies":[{"name":"wp","href":"https:\/\/api.w.org\/{rel}","templated":true}]}}