{"id":368,"date":"2011-02-23T10:55:00","date_gmt":"2011-02-23T10:55:00","guid":{"rendered":"http:\/\/www.sinapharm.com\/?page_id=368"},"modified":"2011-02-23T12:56:22","modified_gmt":"2011-02-23T12:56:22","slug":"allgemeine-geschaftsbedingungen","status":"publish","type":"page","link":"http:\/\/www.sinapharm.com\/?page_id=368","title":{"rendered":"Allgemeine Gesch\u00e4ftsbedingungen"},"content":{"rendered":"<h2>Allgemeine Gesch\u00e4ftsbedingungen<\/h2>\n<p><strong>1. Allgemeine Bestimmungen<\/strong><br \/>\nSoweit nicht ausdr\u00fccklich Gegenteiliges vereinbart, gelten unsere gegenst\u00e4ndlichen, dem Vertragspartner bekanntgegebenen AGB. Diese AGB gelten f\u00fcr die gesamte Dauer der Gesch\u00e4ftsbeziehung mit dem Kunden, also auch f\u00fcr k\u00fcnftige Bestellungen und Lieferungen. Sie tragen den Besonderheiten der Lieferbeziehungen zwischen dem pharmazeutischen Gro\u00dfhandel und seinen Kunden Rechnung.<\/p>\n<p>Entgegenstehende oder abweichende Bedingungen von Kunden gelten nicht, auch dann nicht, wenn wir in Kenntnis solcher Bedingungen des Kunden Lieferungen an den Kunden vorbehaltslos ausf\u00fchren.<\/p>\n<p>Wir behalten uns eine jederzeitige \u00c4nderung unserer AGB vor. \u00c4nderungen sind ab ihrer G\u00fcltigkeit auch Bestandteil von laufenden Gesch\u00e4ftsverbindungen, wenn der Kunde trotz Hinweis auf sein Widerspruchsrecht nicht binnen einer Frist von einem Monat ab Mitteilung der \u00c4nderung widerspricht.<\/p>\n<p>M\u00fcndliche Vereinbarungen bed\u00fcrfen zu ihrer Wirksamkeit der Schriftform, das gilt auch f\u00fcr den Verzicht auf das Schriftformerfordernis. Sollten einzelne Bestimmungen dieser AGB unwirksam sein oder werden, so ber\u00fchrt dies nicht die Wirksamkeit der \u00fcbrigen Bestimmungen. Anstelle der unwirksamen Bestimmung hat jene rechtswirksame Bestimmung zu treten, die wirtschaftlich der unwirksamen m\u00f6glichst nahe kommt.<\/p>\n<p><strong>2. Bestellung<\/strong><br \/>\nMit der Erteilung eines Auftrages erkennt der K\u00e4ufer unsere AGB an, ohne dass es besonderer Abmachungen im Einzelfall bedarf. Abweichungen von diesen Bedingungen bed\u00fcrfen einer schriftlichen Vereinbarung.<\/p>\n<p>Bei Arzneimitteln, Suchtgiften, Gefahrenstoffen und anderen Stoffen, deren Abgabe und Anwendung gesetzlichen oder beh\u00f6rdlichen Vorschriften unterliegen, gilt die Bestellung gleichzeitig als Best\u00e4tigung daf\u00fcr, dass der Kunde \u00fcber alle erforderlichen Bewilligungen und Voraussetzungen f\u00fcr das Verwenden und\/oder das weitere Inverkehrbringen verf\u00fcgt.<\/p>\n<p><strong>3. Preise<\/strong><br \/>\nLieferungen werden zu den bei der Kommissionierung der Ware g\u00fcltigen Preisen berechnet. Verpackungs-, Transport- und sonstige Besorgungskosten k\u00f6nnen getrennt in Rechnung gestellt werden. Einwendungen gegen Inhalt von Lieferschein, Rechnung sind unverz\u00fcglich nach Erhalt geltend zu machen. Erhebt der Kunde keinen Einwand, gilt der Inhalt von Lieferschein und Rechnung als best\u00e4tigt.<\/p>\n<p>Preisangebote unsererseits verstehen sich grunds\u00e4tzlich freibleibend, unverbindlich und exklusive Umsatzsteuer.<\/p>\n<p><strong>4. Lieferung<\/strong><br \/>\nUnsere Lieferungen erfolgen je nach Kundengruppe und Handelsbrauch unfrei ab Lager oder frei Haus. Der Versand erfolgt, soweit nichts anderes vereinbart, unter Ausn\u00fctzung des g\u00fcnstigsten Versandweges nach unserer Wahl. Alle Auftr\u00e4ge werden nach M\u00f6glichkeit am Tag des Einganges oder am Folgetag ausgef\u00fchrt. An eine feste Lieferzeit sind wir jedoch nicht gebunden, Schadenersatzanspr\u00fcche wegen versp\u00e4teter Lieferung k\u00f6nnen nicht gestellt werden.<\/p>\n<p>Die in unserem Eigentum stehenden Versandbeh\u00e4lter sind umgehend zu retournieren.<\/p>\n<p><strong>5. Haftung, Gew\u00e4hrleistung<\/strong><br \/>\nIm Falle begr\u00fcndeter Reklamationen behalten wir uns das Recht vor, f\u00fcr die beanstandete Lieferung eine Gutschrift zu erteilen oder Ersatzlieferung zu leisten. Weitergehende Anspr\u00fcche des K\u00e4ufers, insbesondere Schadenersatzanspr\u00fcche, sind ausgeschlossen.<\/p>\n<p>Lieferm\u00e4ngel und Beanstandungen sind unverz\u00fcglich festzustellen und anzuzeigen. R\u00fccklieferungen, die nicht auf eine berechtigte Reklamation beruhen, m\u00fcssen in einwandfreiem Zustand sein, bed\u00fcrfen unserer ausdr\u00fccklichen Zustimmung und werden zu unserem Einstandspreis gutgeschrieben.<\/p>\n<p><strong>6. Zahlung<\/strong><br \/>\nZahlungen sind unmittelbar nach Erhalt der Rechnung oder zu einem besonders vereinbarten Termin f\u00e4llig. Davon abweichende kundenindividuelle Skonto- und F\u00e4lligkeitsregelungen bed\u00fcrfen einer gesonderten schriftlichen Vereinbarung. Bei Frist\u00fcberschreitungen werden Verzugszinsen von derzeit 8 % \u00fcber dem jeweiligen g\u00fcltigen Basiszinssatz verrechnet. Eine Zahlung gilt erst dann als geleistet, wenn wir \u00fcber den Betrag frei verf\u00fcgen k\u00f6nnen. Zahlungen werden, wenn keine ausdr\u00fcckliche gesonderte Vereinbarung vorliegt, jeweils zun\u00e4chst auf Zinsen und Kosten, dann auf die \u00e4lteste Forderung angerechnet. Allf\u00e4llige Mahn-, Inkasso- oder Rechtsanwaltskosten werden entsprechend dem tats\u00e4chlichen Aufwand verrechnet. Die Aufrechnung von allf\u00e4lligen Forderungen des Kunden gegen unsere Forderungen ist unzul\u00e4ssig, es sei denn, die Kundenforderung ist gerichtlich festgestellt oder von uns zur Aufrechnung ausdr\u00fccklich anerkannt.<\/p>\n<p><strong>7. Eigentumsvorbehalt<\/strong><br \/>\nDie gelieferte Ware bleibt bis zur vollst\u00e4ndigen Bezahlung s\u00e4mtlicher aus dem Kaufvertrag entstandenen Verpflichtungen des K\u00e4ufers unser Eigentum. Im Falle der Ver\u00e4u\u00dferung der Ware durch den K\u00e4ufer tritt der Ver\u00e4u\u00dferungserl\u00f6s anstelle der Ware und gelten Forderungen aus dem Ver\u00e4u\u00dferungserl\u00f6s an uns abgetreten. Von etwaiger Pf\u00e4ndung durch Dritte hat der K\u00e4ufer sofort Mitteilung zu machen und jede Hilfe zur Wahrung unserer Rechte zu leisten, insbesondere den Dritten auf unser Eigentum hinzuweisen. Bei Zahlungsverzug sind wir berechtigt, Eigentumsvorbehaltsware eigenm\u00e4chtig oder durch Dritte zur\u00fcckzuholen.<\/p>\n<p><strong>8. Erf\u00fcllungsort und Gerichtsstand<\/strong><br \/>\nErf\u00fcllungsort und Gerichtsstand ist Wien. Es gilt \u00f6sterreichisches Recht, nicht jedoch UN-Kaufrecht.<\/p>\n<p><strong>9. Hinweis zur Datenverarbeitung<\/strong><br \/>\nDie aus den Gesch\u00e4ftsbeziehungen mit unseren Kunden erhaltenen Daten, gleich ob diese vom Kunden selbst oder von Dritten stammen, werden im Sinne des Datenschutzgesetzes verarbeitet und bestimmte Daten wie unter anderem Bestellmengen insbesondere im Zuge von Aktionsabwicklungen an Lieferanten \u00fcbermittelt. Ein Widerruf des Kunden ist jederzeit m\u00f6glich.<\/p>\n<address>SinaPharm Ges.m.b.H,  1200 Wien, Dresdner Strasse 62-64<br \/>\nTel. +431 4086106-0, e-mail: office@Sinapharm.com<br \/>\nFirmenbuchnummer: FN           , Firmenbuchgericht: Wien, UID: ATU           , DVR<\/address>\n<p><strong>Datenschutzerkl\u00e4rung im Sinne des E-Commerce Gesetzes<\/strong><br \/>\nSinaPharm Ges.m.b.H ist sich dar\u00fcber bewusst, dass Ihnen der Schutz Ihrer Privatsph\u00e4re bei der Benutzung unserer Website ein wichtiges Anliegen ist. Wir nehmen den Schutz Ihrer pers\u00f6nlichen Daten sehr ernst. Deshalb m\u00f6chten wir, dass Sie wissen, wann wir welche Daten speichern und wie wir sie verwenden. Wir m\u00f6chten Sie deshalb mit dieser Datenschutzerkl\u00e4rung \u00fcber unsere Ma\u00dfnahmen zum Datenschutz in Kenntnis setzen.<\/p>\n<p><strong>1. Erfassung von Daten<\/strong><br \/>\nDurch das Aufrufen unserer Website werden auf unseren Servern Daten f\u00fcr Sicherungszwecke gespeichert, wie der Namen Ihres Internetserviceproviders, die Website, von der aus Sie uns besuchen, die Websites, die Sie bei uns besuchen und Ihrer IP-Adresse. Diese Daten w\u00fcrden m\u00f6glicherweise eine Identifizierung zulassen, allerdings findet diesbez\u00fcglich keine personenbezogene Verwertung statt. Sie k\u00f6nnen zu statistischen Zwecken ausgewertet werden, wobei der einzelne Benutzer jedoch anonym bleibt. Soweit Daten an externe Dienstleister weitergegeben werden, haben wir durch technische und organisatorische Ma\u00dfnahmen sichergestellt, dass die Vorschriften des Datenschutzes beachtet werden.<\/p>\n<p><strong>2. Erhebung und Verarbeitung pers\u00f6nlicher Daten<\/strong><br \/>\nPersonenbezogene Daten werden nur dann erhoben, wenn Sie uns diese von sich aus z.B. im Rahmen einer Registrierung, durch das Ausf\u00fcllen von Formularen oder das versenden von E-Mails, im Rahmen der Bestellung von Produkten oder Dienstleistungen, Anfragen oder Anforderung von Material zur Verf\u00fcgung stellen.<\/p>\n<p>Die Datenbank und ihre Inhalte bleiben bei unserem Unternehmen und unserem Provider. Ihre pers\u00f6nlichen Daten werden in keiner Form von uns oder von uns beauftragten Personen Dritten zur Verf\u00fcgung gestellt, es sei denn, dass hierzu Ihr Einverst\u00e4ndnis oder eine beh\u00f6rdliche Anordnung vorliegt.<\/p>\n<p><strong>3. Verwendungszwecke<\/strong><br \/>\nDie von Ihnen erfassten pers\u00f6nlichen Daten werden wir nur dazu verwenden, Ihnen die gew\u00fcnschten Produkte und Dienstleistungen bereitzustellen, oder aber zu anderen Zwecken, f\u00fcr die Sie Ihre Einwilligung erteilt haben, sofern keine anderslautenden gesetzlichen Verpflichtungen bestehen.<\/p>\n<p><strong>4. Recht auf Auskunft, Berichtigung, Sperrung und L\u00f6schung gespeicherter Daten<\/strong><br \/>\nSie haben jederzeit ein Recht auf kostenlose Auskunft, Berichtigung, Sperrung und L\u00f6schung Ihrer gespeicherten Daten. Sie k\u00f6nnen uns in dieser Angelegenheit in schriftlicher Form an die E-Mail Adresse office@sinapharm.com oder postalisch an den im Impressum angegebenen Firmensitz kontaktieren. Dieses Recht ist nur insofern eingeschr\u00e4nkt, als wir die L\u00f6schung zur Wahrung unserer Anspr\u00fcche aussetzen k\u00f6nnen.<\/p>\n<p><strong>5. Aufbewahrung von Daten (Data Retention)<\/strong><br \/>\nWir speichern personenbezogene Daten so lange, wie es n\u00f6tig ist, um eine Dienstleistung auszuf\u00fchren, die Sie gew\u00fcnscht oder zu der Sie Ihre Einwilligung erteilt haben, sofern keine anderslautenden gesetzlichen Verpflichtungen bestehen wie zum Beispiel bei laufenden Gerichtsverfahren.<\/p>\n<p><strong>6. Einsatz von Cookies<\/strong><br \/>\nIn einigen Bereichen der Website werden sogenannte Cookies eingesetzt, um Ihnen unsere Leistung individueller zur Verf\u00fcgung stellen zu k\u00f6nnen. Cookies sind Kennungen, die ein Webserver an Ihren Computer senden kann, um ihn f\u00fcr die Dauer des Besuches zu identifizieren. Die meisten Browser sind so eingestellt, dass sie Cookies automatisch akzeptieren. Sie k\u00f6nnen das Speichern von Cookies aber auch deaktivieren oder Ihren Browser so einstellen, dass er Sie \u00fcber die Platzierung von Cookies informiert.<\/p>\n<p><strong>7. Sicherheit<\/strong><br \/>\nSinaPharm Ges.m.b.H setzt technische und organisatorische Sicherheitsma\u00dfnahmen ein, um Ihre zur Verf\u00fcgung gestellten Daten durch zuf\u00e4llige oder vors\u00e4tzliche Manipulation, Verlust, Zerst\u00f6rung oder Zugriff unberechtigter Personen zu sch\u00fctzen. Im Falle der Erhebung und Verarbeitung pers\u00f6nlicher Daten werden die Informationen in verschl\u00fcsselter Form \u00fcbertragen, um einem Missbrauch der Daten durch Dritte vorzubeugen. Unsere Sicherungsma\u00dfnahmen werden entsprechend der technologischen Entwicklung fortlaufend \u00fcberarbeitet.<\/p>\n<p><strong>8. Kinder<\/strong><br \/>\nDer Schutz der Privatsph\u00e4re von Kindern ist ein wichtiges Thema. Aus diesem Grund erheben, verarbeiten und nutzen wir auf unserer Website keine Informationen von Personen, von denen uns bekannt ist, dass sie unter 13 Jahre alt sind, ohne zuvor die nachpr\u00fcfbare Zustimmung eines gesetzlichen Vertreters eingeholt zu haben. Auf Anfrage k\u00f6nnen die gesetzlichen Vertreter die von ihrem Kind gegebenen Informationen einsehen bzw. verlangen, dass sie gel\u00f6scht werden.<\/p>\n<p><strong>9. Kontakt<\/strong><br \/>\nBei Problemen, Fragen oder Anregungen wenden Sie sich bitte an den Datenschutzbeauftragten der SinaPharm Ges.m.b.H, der Ihnen gerne weiterhilft. Die st\u00e4ndige Entwicklung des Internet macht von Zeit zu Zeit Anpassungen unserer Datenschutzerkl\u00e4rung erforderlich. Wir behalten uns vor, jederzeit entsprechende \u00c4nderungen vorzunehmen.<\/p>\n<address>DVR: 0781517<\/address>\n","protected":false},"excerpt":{"rendered":"<p>Allgemeine Gesch\u00e4ftsbedingungen 1. Allgemeine Bestimmungen Soweit nicht ausdr\u00fccklich Gegenteiliges vereinbart, gelten unsere gegenst\u00e4ndlichen, dem Vertragspartner bekanntgegebenen AGB. Diese AGB gelten f\u00fcr die gesamte Dauer der Gesch\u00e4ftsbeziehung mit dem Kunden, also auch f\u00fcr k\u00fcnftige Bestellungen und Lieferungen. Sie tragen den Besonderheiten der Lieferbeziehungen zwischen dem pharmazeutischen Gro\u00dfhandel und seinen Kunden Rechnung. Entgegenstehende oder abweichende Bedingungen von [&hellip;]<\/p>\n","protected":false},"author":4,"featured_media":0,"parent":0,"menu_order":0,"comment_status":"closed","ping_status":"closed","template":"","meta":[],"_links":{"self":[{"href":"http:\/\/www.sinapharm.com\/index.php?rest_route=\/wp\/v2\/pages\/368"}],"collection":[{"href":"http:\/\/www.sinapharm.com\/index.php?rest_route=\/wp\/v2\/pages"}],"about":[{"href":"http:\/\/www.sinapharm.com\/index.php?rest_route=\/wp\/v2\/types\/page"}],"author":[{"embeddable":true,"href":"http:\/\/www.sinapharm.com\/index.php?rest_route=\/wp\/v2\/users\/4"}],"replies":[{"embeddable":true,"href":"http:\/\/www.sinapharm.com\/index.php?rest_route=%2Fwp%2Fv2%2Fcomments&post=368"}],"version-history":[{"count":8,"href":"http:\/\/www.sinapharm.com\/index.php?rest_route=\/wp\/v2\/pages\/368\/revisions"}],"predecessor-version":[{"id":370,"href":"http:\/\/www.sinapharm.com\/index.php?rest_route=\/wp\/v2\/pages\/368\/revisions\/370"}],"wp:attachment":[{"href":"http:\/\/www.sinapharm.com\/index.php?rest_route=%2Fwp%2Fv2%2Fmedia&parent=368"}],"curies":[{"name":"wp","href":"https:\/\/api.w.org\/{rel}","templated":true}]}}